{"id":358,"date":"2023-09-18T11:52:26","date_gmt":"2023-09-18T11:52:26","guid":{"rendered":"https:\/\/www.agrovita.at\/?page_id=358"},"modified":"2025-12-03T10:59:00","modified_gmt":"2025-12-03T10:59:00","slug":"data-protection","status":"publish","type":"page","link":"https:\/\/www.agrovita.at\/en\/data-protection\/","title":{"rendered":"Data protection"},"content":{"rendered":"<div class=\"wpb-content-wrapper\"><p>[vc_row][vc_column][vc_column_text]<\/p>\r\n<h1 class=\"wp-block-heading\" style=\"text-align: left;\">Datenschutz<\/h1>\r\n<p>[\/vc_column_text][vc_column_text]<span class=\"borlabs-cookie-open-dialog-preferences brlbs-cmpnt-container\" data-borlabs-cookie-title=\"Cookie-Einstellungen\" data-borlabs-cookie-type=\"button\" ><\/span>[\/vc_column_text][vc_column_text]<\/p>\r\n<h3 class=\"wp-block-heading\">Folgend finden Sie unsere Datenschutzbestimmungen:<\/h3>\r\n<p><strong>Verantwortliche:<\/strong><\/p>\r\n<p>AGROVITA MANAGEMENT GMBH<br \/>Muraunberg 2<br \/>9300 St. Veit\/Glan Austria<br \/>+43 (0)664 144 49 29<br \/><a href=\"mailto:cl@agrovita.at\">cl@agrovita.at<\/a><\/p>\r\n<p>&nbsp;<\/p>\r\n<h3>GOOGLE ANALYTICS<\/h3>\r\n<p>\u201eDiese Website benutzt Google Analytics, einen Webanalysedienst der Google Inc. (\u201eGoogle\u201c). Google Analytics verwendet sog. \u201eCookies\u201c, Textdateien, die auf Ihrem Computer gespeichert werden und die eine Analyse der Benutzung der Website durch Sie erm\u00f6glichen. Die durch den Cookie erzeugten Informationen \u00fcber Ihre Benutzung dieser Website (einschlie\u00dflich Ihrer IP-Adresse) wird an einen Server von Google in den USA \u00fcbertragen und dort gespeichert. Google wird diese Informationen benutzen, um Ihre Nutzung der Website auszuwerten, um Reports \u00fcber die Websiteaktivit\u00e4ten f\u00fcr die Websitebetreiber zusammenzustellen und um weitere mit der Websitenutzung und der Internetnutzung verbundene Dienstleistungen zu erbringen. Auch wird Google diese Informationen gegebenenfalls an Dritte \u00fcbertragen, sofern dies gesetzlich vorgeschrieben oder soweit Dritte diese Daten im Auftrag von Google verarbeiten. Google wird in keinem Fall Ihre IP-Adresse mit anderen Daten von Google in Verbindung bringen. Sie k\u00f6nnen die Installation der Cookies durch eine entsprechende Einstellung Ihrer Browser Software verhindern; wir weisen Sie jedoch darauf hin, dass Sie in diesem Fall gegebenenfalls nicht s\u00e4mtliche Funktionen dieser Website vollumf\u00e4nglich nutzen k\u00f6nnen. Durch die Nutzung dieser Website erkl\u00e4ren Sie sich mit der Bearbeitung der \u00fcber Sie erhobenen Daten durch Google in der zuvor beschriebenen Art und Weise und zu dem zuvor benannten Zweck einverstanden.\u201c<\/p>\r\n<p>Soweit Google Adsense, einen Webanzeigendienst der Google Inc., USA (\u201eGoogle\u201c), auf dieser Website Werbung (Textanzeigen, Banner etc.) schaltet, speichert Ihr Browser eventuell ein von Google Inc. oder Dritten gesendetes Cookie. Die in dem Cookie gespeicherten Informationen k\u00f6nnen durch Google Inc. oder auch Dritte aufgezeichnet, gesammelt und ausgewertet werden. Dar\u00fcber hinaus verwendet Google Adsense zur Sammlung von Informationen auch sog. \u201eWebBacons\u201c (kleine unsichtbare Grafiken), durch deren Verwendung einfache Aktionen wie der Besucherverkehr auf der Webseite aufgezeichnet, gesammelt und ausgewertet werden k\u00f6nnen. Die durch den Cookie und\/oder Web Bacon erzeugten Informationen \u00fcber Ihre Nutzung dieser Website werden an einen Server von Google in den USA \u00fcbertragen und dort gespeichert. Google benutzt die so erhaltenen Informationen, um eine Auswertung Ihres Nutzungsverhaltens im Hinblick auf die AdSense-Anzeigen durchzuf\u00fchren. Google wird diese Informationen gegebenenfalls auch an Dritte \u00fcbertragen, sofern dies gesetzlich vorgeschrieben ist oder soweit Dritte diese Daten im Auftrag von Google verarbeiten. Ihre IP-Adresse wird von Google nicht mit anderen von Google gespeicherten Daten in Verbindung gebracht. Sie k\u00f6nnen das Speichern von Cookies auf Ihrer Festplatte und die Anzeige von Web Bacons verhindern. Dazu m\u00fcssen Sie in Ihren Browser-Einstellungen \u201ekeine Cookies akzeptieren\u201c w\u00e4hlen (Im Internet-Explorer unter \u201eExtras \/ Internetoptionen \/ Datenschutz \/ Einstellung\u201c, bei Firefox unter \u201eExtras \/ Einstellungen \/ Datenschutz \/ Cookies\u201c).<\/p>\r\n<h3>Verwendung von Webfonts<\/h3>\r\n<p>Auf dieser Internetseite werden externe Schriften, n\u00e4mlich Google Fonts, verwendet. Google Fonts ist ein Dienst der Google Inc. (\u201eGoogle\u201c). Die Einbindung dieser Webfonts erfolgt durch einen Serveraufruf (in der Regel ein Server von Google in den USA). Hierdurch wird an den Server \u00fcbermittelt, welche unserer Internetseiten besucht wurde. Auch wird die IP-Adresse des Browsers vom jeweiligen Endger\u00e4t des Besuchers unserer Internetseiten von Google gespeichert. N\u00e4here Informationen finden Sie in den Datenschutzhinweisen von Google, die Sie hier abrufen k\u00f6nnen:<br \/><a href=\"http:\/\/www.google.com\/fonts#AboutPlace:about\">www.google.com\/fonts#AboutPlace:about<\/a><br \/><a href=\"http:\/\/www.google.com\/policies\/privacy\/\">www.google.com\/policies\/privacy\/<\/a><br \/>Wichtiger Hinweis: Laut Google Inc. werden f\u00fcr die Bereitstellung von Google Fonts keine personenbezogenen Daten, mit Ausnahme der IP Adresse, gespeichert oder verarbeitet. Google Fonts ist grunds\u00e4tzlich von anderen Services von Google entkoppelt.<\/p>\r\n<h3>Nutzung von Adobe Fonts<\/h3>\r\n<p>Auf dieser Webseite verwenden wir Adobe Fonts. Adobe Fonts ist ein Dienst, der den Zugriff auf eine Schriftenbibliothek zur Verwendung in Desktop-Anwendungen und Websites erm\u00f6glicht. Zur Bereitstellung des Dienstes \u201eAdobe Fonts\u201c in Adobe-Anwendungen erfasst Adobe m\u00f6glicherweise Informationen dar\u00fcber, wie Schriftarten mit diesen Anwendungen verwendet werden, z. B. die verwendete Schriftart, wenn ein Dokument mit der Schriftart ge\u00f6ffnet wird und wenn eine Schriftart auf ein Dokument angewendet wird. Adobe Fonts erfasst den Inhalt von Dokumenten nicht mithilfe der Schriftarten. Adobe verwendet die in Adobe-Anwendungen erfassten Informationen, um den Dienst \u201eAdobe Fonts\u201c bereitzustellen. Diese Informationen werden beispielsweise verwendet, um Nutzungsgeb\u00fchren zu berechnen und diese an die Schriftenhersteller zu zahlen, deren Schriftarten verwendet werden, und um Schriftarten basierend auf ihrer Verwendung zu installieren und zu deinstallieren. Wir teilen aggregierte Berichte mit Schriftenherstellern, geben aber Ihre personenbezogenen Informationen nicht an Schriftenhersteller weiter.<\/p>\r\n<p>Weitere Informationen zu Adobe Fonts und den Datenschutzbestimmungen von Adobe finden Sie hier:\u00a0<a href=\"https:\/\/www.adobe.com\/at\/privacy\/policies\/adobe-fonts.html\">https:\/\/www.adobe.com\/at\/privacy\/policies\/adobe-fonts.html<\/a><\/p>\r\n<h3>Google Maps<\/h3>\r\n<p>Auf dieser Webseite nutzen wir Google Maps. Google Maps ist ein Kartenvisualisierungsdienst mit Satellitenbildern, Luftaufnahmen, Stra\u00dfenkarten usw., der von Google LLC oder Google Ireland Limited bereitgestellt wird und es einer Website\/App erm\u00f6glicht, diese Inhalte auf Webseiten darzustellen\/einzubauen. Google Maps kann Nutzerverhalten nachverfolgen. Die Datenschutzrichtlininen und Nutzungsbestimmungen zu Google Maps sind hier zu finden:\u00a0<a href=\"https:\/\/cloud.google.com\/maps-platform\/terms?_gl=1*1bah6ji*_ga*Mjc1NDQ3MDUuMTY3MTUzMjI2NQ..*_ga_NRWSTWS78N*MTY3MTUzMjI2NS4xLjAuMTY3MTUzMjI2Ni4wLjAuMA..\">AGB Google Maps<\/a><\/p>\r\n<h3>Cookies<\/h3>\r\n<p>Cookies sind kleine Dateien, die es dieser Webseite erm\u00f6glichen auf dem Computer des Besuchers spezifische, auf den Nutzer bezogene Informationen zu speichern, w\u00e4hrend unsere Website besucht wird. Cookies helfen uns dabei, die Nutzungsh\u00e4ufigkeit und die Anzahl der Nutzer unserer Internetseiten zu ermitteln, sowie unsere Angebote f\u00fcr Sie komfortabel und effizient zu gestalten. Wir verwenden einerseits Session-Cookies, die ausschlie\u00dflich f\u00fcr die Dauer Ihrer Nutzung unserer Website zwischengespeichert werden und zum anderen permanente Cookies, um Informationen \u00fcber Besucher festzuhalten, die wiederholt auf unsere Website zugreifen. Der Zweck des Einsatzes dieser Cookies besteht darin, eine optimale Benutzerf\u00fchrung anbieten zu k\u00f6nnen sowie Besucher wiederzuerkennen und bei wiederholter Nutzung eine m\u00f6glichst attraktive Website und interessante Inhalte pr\u00e4sentieren zu k\u00f6nnen. Der Inhalt eines permanenten Cookies beschr\u00e4nkt sich auf eine Identifikationsnummer. Name, IP-Adresse usw. werden nicht gespeichert. Eine Einzelprofilbildung \u00fcber Ihr Nutzungsverhalten findet nicht statt. Eine Nutzung unserer Angebote ist auch ohne Cookies m\u00f6glich. Sie k\u00f6nnen in Ihrem Browser das Speichern von Cookies deaktivieren, auf bestimmte Webseiten beschr\u00e4nken oder Ihren Webbrowser (Chrome, IE, Firefox,\u2026) so einstellen, dass er sie benachrichtigt, sobald ein Cookie gesendet wird. Sie k\u00f6nnen Cookies auch jederzeit von der Festplatte ihres PC l\u00f6schen. Bitte beachten Sie aber, dass Sie in diesem Fall mit einer eingeschr\u00e4nkten Darstellung der Seite und mit einer eingeschr\u00e4nkten Benutzerf\u00fchrung rechnen m\u00fcssen.<\/p>\r\n<h3>Nutzung pers\u00f6nlicher Daten<\/h3>\r\n<p>Pers\u00f6nliche Daten werden nur erhoben oder verarbeitet, wenn Sie diese Angaben freiwillig, z.B. im Rahmen einer Anfrage mitteilen. Zu den pers\u00f6nlichen Daten kann auch die IP-Adresse geh\u00f6ren (Speicherdauer max. 6 Monate). Sofern keine erforderlichen Gr\u00fcnde im Zusammenhang mit einer Gesch\u00e4ftsabwicklung bestehen, k\u00f6nnen Sie jederzeit die zuvor erteilte Genehmigung Ihrer pers\u00f6nlichen Datenspeicherung mit sofortiger Wirkung schriftlich (z.B. per E-Mail) widerrufen. Ihre Daten werden nicht an Dritte weitergeben, es sei denn, eine Weitergabe ist aufgrund gesetzlicher Vorschriften erforderlich.<\/p>\r\n<h3>Urheberrecht<\/h3>\r\n<p>Als Autoren dieser Homepage behalten wir uns das Urheberrecht f\u00fcr diese vor. Jede den Bestimmungen des Urheberrechtsgesetzes widersprechende Verwendung jeglicher Inhalte dieser Homepage \u2013 insbesondere die weitergehende Nutzung wie beispielsweise die Ver\u00f6ffentlichung, Vervielf\u00e4ltigung und jede Form von gewerblicher Nutzung sowie die Weitergabe an Dritte \u2013 auch in Teilen oder in \u00fcberarbeiteter Form \u2013 ohne unsere ausdr\u00fcckliche schriftliche Zustimmung ist untersagt. Davon ausgenommen sind ausdr\u00fccklich zum Download gekennzeichnete Dateien.<\/p>\r\n<h3>Haftungsausschluss<\/h3>\r\n<p>Wir sind st\u00e4ndig bestrebt, die auf unserer Homepage angebotenen Informationen nach bestem Wissen und Gewissen vollst\u00e4ndig und richtig darzustellen sowie aktuell zu halten. Dennoch k\u00f6nnen wir keinerlei Haftung f\u00fcr Sch\u00e4den \u00fcbernehmen, die sich aus der Nutzung der angebotenen Informationen ergeben k\u00f6nnten \u2013 auch wenn diese auf die Nutzung von allenfalls unvollst\u00e4ndigen bzw. fehlerhaften Informationen zur\u00fcckzuf\u00fchren sind.<br \/>Inhalte von, oder Links auf fremde Webseiten liegen au\u00dferhalb unseres Verantwortungsbereiches. Eine Haftung f\u00fcr die Inhalte von verlinkten Seiten ist ausgeschlossen, zumal wir keinen Einfluss auf Inhalte wie Gestaltung von gelinkten Seiten haben. F\u00fcr Inhalte von Seiten, auf welche von Seiten dieser Homepage verwiesen wird, haftet somit allein der Anbieter dieser fremden Webseiten \u2013 niemals jedoch derjenige, der durch einen Link auf fremde Publikationen und Inhalte verweist. Sollten gelinkte Seiten (insbesondere durch Ver\u00e4nderung der Inhalte nach dem Setzen des Links) illegale, fehlerhafte, unvollst\u00e4ndige, beleidigende oder sittenwidrige Informationen beinhalten und werden wir auf derartige Inhalte von gelinkten Seiten aufmerksam (gemacht), so werden wir einen Link auf derartige Seiten unverz\u00fcglich unterbinden.<\/p>\r\n<h3>Rechtswirksamkeit<\/h3>\r\n<p>Durch Nutzung dieser Webseiten unterliegt der Nutzer den gegenst\u00e4ndlichen Benutzungsbedingungen.<\/p>\r\n<h3>Ihre Rechte<\/h3>\r\n<p>Ihnen stehen grunds\u00e4tzlich die Rechte auf Auskunft, Berichtigung, L\u00f6schung, Einschr\u00e4nkung, Daten\u00fcbertragbarkeit, Widerruf und Widerspruch zu. Wenn Sie glauben, dass die Verarbeitung Ihrer Daten gegen das Datenschutzrecht verst\u00f6\u00dft oder Ihre datenschutzrechtlichen Anspr\u00fcche sonst in einer Weise verletzt worden sind, k\u00f6nnen Sie sich bei der Aufsichtsbeh\u00f6rde beschweren. In \u00d6sterreich ist dies die Datenschutzbeh\u00f6rde. In \u00d6sterreich ist dies die \u00d6sterreichische Datenschutzbeh\u00f6rde (DSB), Barichgasse 40-42, 1030 Wien.<\/p>\r\n<p>Wir bitten Sie jedoch, sich im ersten Schritt sofort an uns zu wenden, damit wir das Problem gemeinsam sofort l\u00f6sen k\u00f6nnen.<\/p>\r\n<p>Der Schutz Ihrer pers\u00f6nlichen Daten ist uns ein besonderes Anliegen. Wir verarbeiten Ihre Daten daher ausschlie\u00dflich auf Grundlage der gesetzlichen Bestimmungen. In diesen Datenschutzinformationen informieren wir Sie \u00fcber die wichtigsten Aspekte der Datenverarbeitung im Rahmen unserer Website. Diese Datenschutzerkl\u00e4rung bezieht sich nicht auf andere Anbieter, zu denen wir durch Links auf unseren Seiten verweisen, d.h. f\u00fcr diese Inhalte sowie Verwendung und Verarbeitung von Daten \u00fcbernehmen wir keine Haftung.<\/p>\r\n<h3>Kontakt mit uns<\/h3>\r\n<p>Wenn Sie per per E-Mail Kontakt mit uns aufnehmen, werden Ihre angegebenen Daten zwecks Bearbeitung der Anfrage und f\u00fcr den Fall von Anschlussfragen bei uns gespeichert. Diese Daten geben wir nicht ohne Ihre Einwilligung weiter.<\/p>\r\n<p><strong>Kontaktieren Sie in diesem Fall bitte:<\/strong><\/p>\r\n<p>AGROVITA MANAGEMENT GMBH<br \/>Muraunberg 2<br \/>9300 St. Veit\/Glan Austria<br \/>+43 (0)664 144 49 29<br \/><a href=\"mailto:cl@agrovita.at\">cl@agrovita.at<\/a><\/p>\r\n<p>\u00a0<\/p>\r\n<p>[\/vc_column_text][\/vc_column][\/vc_row]<\/p><\/div>","protected":false},"excerpt":{"rendered":"<p>[vc_row][vc_column][vc_column_text] Datenschutz [\/vc_column_text][vc_column_text][\/vc_column_text][vc_column_text] Folgend finden Sie unsere Datenschutzbestimmungen: Verantwortliche: AGROVITA MANAGEMENT GMBHMuraunberg 29300 St. Veit\/Glan Austria+43 (0)664 144 49 29cl@agrovita.at &nbsp; GOOGLE ANALYTICS \u201eDiese Website benutzt Google Analytics, einen Webanalysedienst der Google Inc. (\u201eGoogle\u201c). Google Analytics verwendet sog. \u201eCookies\u201c, Textdateien, die auf Ihrem Computer gespeichert werden und die eine Analyse der Benutzung der Website durch&hellip;<\/p>\n","protected":false},"author":1,"featured_media":0,"parent":0,"menu_order":0,"comment_status":"closed","ping_status":"closed","template":"","meta":{"inline_featured_image":false,"footnotes":""},"class_list":["post-358","page","type-page","status-publish","hentry","description-off"],"yoast_head":"<!-- This site is optimized with the Yoast SEO plugin v27.2 - https:\/\/yoast.com\/product\/yoast-seo-wordpress\/ -->\n<title>Data protection &#8226; AgroVita Managment GmbH<\/title>\n<meta name=\"description\" content=\"Folgend finden Sie unsere Datenschutzbestimmungen.\" \/>\n<meta name=\"robots\" content=\"index, follow, max-snippet:-1, max-image-preview:large, max-video-preview:-1\" \/>\n<link rel=\"canonical\" href=\"https:\/\/www.agrovita.at\/en\/data-protection\/\" \/>\n<meta property=\"og:locale\" content=\"en_US\" \/>\n<meta property=\"og:type\" content=\"article\" \/>\n<meta property=\"og:title\" content=\"Data protection &#8226; AgroVita Managment GmbH\" \/>\n<meta property=\"og:description\" content=\"Folgend finden Sie unsere Datenschutzbestimmungen.\" \/>\n<meta property=\"og:url\" content=\"https:\/\/www.agrovita.at\/en\/data-protection\/\" \/>\n<meta property=\"og:site_name\" content=\"AgroVita Managment GmbH\" \/>\n<meta property=\"article:modified_time\" content=\"2025-12-03T10:59:00+00:00\" \/>\n<meta property=\"og:image\" content=\"https:\/\/www.agrovita.at\/wp-content\/uploads\/2023\/11\/agrovita-social.jpg\" \/>\n\t<meta property=\"og:image:width\" content=\"1024\" \/>\n\t<meta property=\"og:image:height\" content=\"768\" \/>\n\t<meta property=\"og:image:type\" content=\"image\/jpeg\" \/>\n<meta name=\"twitter:card\" content=\"summary_large_image\" \/>\n<meta name=\"twitter:label1\" content=\"Est. reading time\" \/>\n\t<meta name=\"twitter:data1\" content=\"9 minutes\" \/>\n<script type=\"application\/ld+json\" class=\"yoast-schema-graph\">{\"@context\":\"https:\/\/schema.org\",\"@graph\":[{\"@type\":\"WebPage\",\"@id\":\"https:\/\/www.agrovita.at\/en\/data-protection\/\",\"url\":\"https:\/\/www.agrovita.at\/en\/data-protection\/\",\"name\":\"Data protection &#8226; AgroVita Managment GmbH\",\"isPartOf\":{\"@id\":\"https:\/\/www.agrovita.at\/en\/#website\"},\"datePublished\":\"2023-09-18T11:52:26+00:00\",\"dateModified\":\"2025-12-03T10:59:00+00:00\",\"description\":\"Folgend finden Sie unsere Datenschutzbestimmungen.\",\"breadcrumb\":{\"@id\":\"https:\/\/www.agrovita.at\/en\/data-protection\/#breadcrumb\"},\"inLanguage\":\"en-US\",\"potentialAction\":[{\"@type\":\"ReadAction\",\"target\":[\"https:\/\/www.agrovita.at\/en\/data-protection\/\"]}]},{\"@type\":\"BreadcrumbList\",\"@id\":\"https:\/\/www.agrovita.at\/en\/data-protection\/#breadcrumb\",\"itemListElement\":[{\"@type\":\"ListItem\",\"position\":1,\"name\":\"Startseite\",\"item\":\"https:\/\/www.agrovita.at\/en\/\"},{\"@type\":\"ListItem\",\"position\":2,\"name\":\"Data protection\"}]},{\"@type\":\"WebSite\",\"@id\":\"https:\/\/www.agrovita.at\/en\/#website\",\"url\":\"https:\/\/www.agrovita.at\/en\/\",\"name\":\"AgroVita Managment GmbH\",\"description\":\"Investieren mit Weitblick\",\"publisher\":{\"@id\":\"https:\/\/www.agrovita.at\/en\/#organization\"},\"alternateName\":\"Investieren mit Weitblick\",\"potentialAction\":[{\"@type\":\"SearchAction\",\"target\":{\"@type\":\"EntryPoint\",\"urlTemplate\":\"https:\/\/www.agrovita.at\/en\/?s={search_term_string}\"},\"query-input\":{\"@type\":\"PropertyValueSpecification\",\"valueRequired\":true,\"valueName\":\"search_term_string\"}}],\"inLanguage\":\"en-US\"},{\"@type\":\"Organization\",\"@id\":\"https:\/\/www.agrovita.at\/en\/#organization\",\"name\":\"AGROVITA MANAGEMENT GMBH\",\"alternateName\":\"AGROVITA\",\"url\":\"https:\/\/www.agrovita.at\/en\/\",\"logo\":{\"@type\":\"ImageObject\",\"inLanguage\":\"en-US\",\"@id\":\"https:\/\/www.agrovita.at\/en\/#\/schema\/logo\/image\/\",\"url\":\"https:\/\/www.agrovita.at\/wp-content\/uploads\/2023\/09\/AgroVita_Logo.svg\",\"contentUrl\":\"https:\/\/www.agrovita.at\/wp-content\/uploads\/2023\/09\/AgroVita_Logo.svg\",\"width\":\"1024\",\"height\":\"1024\",\"caption\":\"AGROVITA MANAGEMENT GMBH\"},\"image\":{\"@id\":\"https:\/\/www.agrovita.at\/en\/#\/schema\/logo\/image\/\"}}]}<\/script>\n<!-- \/ Yoast SEO plugin. -->","yoast_head_json":{"title":"Data protection &#8226; AgroVita Managment GmbH","description":"Folgend finden Sie unsere Datenschutzbestimmungen.","robots":{"index":"index","follow":"follow","max-snippet":"max-snippet:-1","max-image-preview":"max-image-preview:large","max-video-preview":"max-video-preview:-1"},"canonical":"https:\/\/www.agrovita.at\/en\/data-protection\/","og_locale":"en_US","og_type":"article","og_title":"Data protection &#8226; AgroVita Managment GmbH","og_description":"Folgend finden Sie unsere Datenschutzbestimmungen.","og_url":"https:\/\/www.agrovita.at\/en\/data-protection\/","og_site_name":"AgroVita Managment GmbH","article_modified_time":"2025-12-03T10:59:00+00:00","og_image":[{"width":1024,"height":768,"url":"https:\/\/www.agrovita.at\/wp-content\/uploads\/2023\/11\/agrovita-social.jpg","type":"image\/jpeg"}],"twitter_card":"summary_large_image","twitter_misc":{"Est. reading time":"9 minutes"},"schema":{"@context":"https:\/\/schema.org","@graph":[{"@type":"WebPage","@id":"https:\/\/www.agrovita.at\/en\/data-protection\/","url":"https:\/\/www.agrovita.at\/en\/data-protection\/","name":"Data protection &#8226; AgroVita Managment GmbH","isPartOf":{"@id":"https:\/\/www.agrovita.at\/en\/#website"},"datePublished":"2023-09-18T11:52:26+00:00","dateModified":"2025-12-03T10:59:00+00:00","description":"Folgend finden Sie unsere Datenschutzbestimmungen.","breadcrumb":{"@id":"https:\/\/www.agrovita.at\/en\/data-protection\/#breadcrumb"},"inLanguage":"en-US","potentialAction":[{"@type":"ReadAction","target":["https:\/\/www.agrovita.at\/en\/data-protection\/"]}]},{"@type":"BreadcrumbList","@id":"https:\/\/www.agrovita.at\/en\/data-protection\/#breadcrumb","itemListElement":[{"@type":"ListItem","position":1,"name":"Startseite","item":"https:\/\/www.agrovita.at\/en\/"},{"@type":"ListItem","position":2,"name":"Data protection"}]},{"@type":"WebSite","@id":"https:\/\/www.agrovita.at\/en\/#website","url":"https:\/\/www.agrovita.at\/en\/","name":"AgroVita Managment GmbH","description":"Investieren mit Weitblick","publisher":{"@id":"https:\/\/www.agrovita.at\/en\/#organization"},"alternateName":"Investieren mit Weitblick","potentialAction":[{"@type":"SearchAction","target":{"@type":"EntryPoint","urlTemplate":"https:\/\/www.agrovita.at\/en\/?s={search_term_string}"},"query-input":{"@type":"PropertyValueSpecification","valueRequired":true,"valueName":"search_term_string"}}],"inLanguage":"en-US"},{"@type":"Organization","@id":"https:\/\/www.agrovita.at\/en\/#organization","name":"AGROVITA MANAGEMENT GMBH","alternateName":"AGROVITA","url":"https:\/\/www.agrovita.at\/en\/","logo":{"@type":"ImageObject","inLanguage":"en-US","@id":"https:\/\/www.agrovita.at\/en\/#\/schema\/logo\/image\/","url":"https:\/\/www.agrovita.at\/wp-content\/uploads\/2023\/09\/AgroVita_Logo.svg","contentUrl":"https:\/\/www.agrovita.at\/wp-content\/uploads\/2023\/09\/AgroVita_Logo.svg","width":"1024","height":"1024","caption":"AGROVITA MANAGEMENT GMBH"},"image":{"@id":"https:\/\/www.agrovita.at\/en\/#\/schema\/logo\/image\/"}}]}},"_links":{"self":[{"href":"https:\/\/www.agrovita.at\/en\/wp-json\/wp\/v2\/pages\/358","targetHints":{"allow":["GET"]}}],"collection":[{"href":"https:\/\/www.agrovita.at\/en\/wp-json\/wp\/v2\/pages"}],"about":[{"href":"https:\/\/www.agrovita.at\/en\/wp-json\/wp\/v2\/types\/page"}],"author":[{"embeddable":true,"href":"https:\/\/www.agrovita.at\/en\/wp-json\/wp\/v2\/users\/1"}],"replies":[{"embeddable":true,"href":"https:\/\/www.agrovita.at\/en\/wp-json\/wp\/v2\/comments?post=358"}],"version-history":[{"count":3,"href":"https:\/\/www.agrovita.at\/en\/wp-json\/wp\/v2\/pages\/358\/revisions"}],"predecessor-version":[{"id":375,"href":"https:\/\/www.agrovita.at\/en\/wp-json\/wp\/v2\/pages\/358\/revisions\/375"}],"wp:attachment":[{"href":"https:\/\/www.agrovita.at\/en\/wp-json\/wp\/v2\/media?parent=358"}],"curies":[{"name":"wp","href":"https:\/\/api.w.org\/{rel}","templated":true}]}}